{"id":5,"date":"2021-02-12T12:03:06","date_gmt":"2021-02-12T11:03:06","guid":{"rendered":"http:\/\/jean-francois-laurent-sculpteur.fr\/?page_id=5"},"modified":"2021-03-15T11:52:26","modified_gmt":"2021-03-15T10:52:26","slug":"jean-francois-laurent","status":"publish","type":"page","link":"https:\/\/jean-francois-laurent-sculpteur.fr\/","title":{"rendered":"Accueil"},"content":{"rendered":"\t\t<div data-elementor-type=\"wp-page\" data-elementor-id=\"5\" class=\"elementor elementor-5\" data-elementor-settings=\"[]\">\n\t\t\t\t\t\t\t<div class=\"elementor-section-wrap\">\n\t\t\t\t\t\t\t<section class=\"elementor-section elementor-top-section elementor-element elementor-element-3e62014 elementor-section-height-min-height elementor-section-content-middle elementor-section-boxed elementor-section-height-default elementor-section-items-middle\" data-id=\"3e62014\" data-element_type=\"section\" data-settings=\"{&quot;background_background&quot;:&quot;classic&quot;}\">\n\t\t\t\t\t\t\t<div class=\"elementor-background-overlay\"><\/div>\n\t\t\t\t\t\t\t<div class=\"elementor-container elementor-column-gap-default\">\n\t\t\t\t\t<div class=\"elementor-column elementor-col-100 elementor-top-column elementor-element elementor-element-5ba00ee8\" data-id=\"5ba00ee8\" data-element_type=\"column\">\n\t\t\t<div class=\"elementor-widget-wrap elementor-element-populated\">\n\t\t\t\t\t\t\t\t<div class=\"elementor-element elementor-element-a52a73a elementor-widget elementor-widget-heading\" data-id=\"a52a73a\" data-element_type=\"widget\" data-widget_type=\"heading.default\">\n\t\t\t\t<div class=\"elementor-widget-container\">\n\t\t\t<h2 class=\"elementor-heading-title elementor-size-xxl\">Jean-Fran\u00e7ois Laurent<\/h2>\t\t<\/div>\n\t\t\t\t<\/div>\n\t\t\t\t<div class=\"elementor-element elementor-element-368e1e5 elementor-widget elementor-widget-heading\" data-id=\"368e1e5\" data-element_type=\"widget\" data-widget_type=\"heading.default\">\n\t\t\t\t<div class=\"elementor-widget-container\">\n\t\t\t<h3 class=\"elementor-heading-title elementor-size-xl\">Sculpteur <\/h3>\t\t<\/div>\n\t\t\t\t<\/div>\n\t\t\t\t<div class=\"elementor-element elementor-element-2d6e25a elementor-align-center elementor-invisible elementor-widget elementor-widget-button\" data-id=\"2d6e25a\" data-element_type=\"widget\" data-settings=\"{&quot;_animation&quot;:&quot;slideInRight&quot;}\" data-widget_type=\"button.default\">\n\t\t\t\t<div class=\"elementor-widget-container\">\n\t\t\t\t\t<div class=\"elementor-button-wrapper\">\n\t\t\t<a href=\"https:\/\/jean-francois-laurent-sculpteur.fr\/index.php\/biographie\/\" class=\"elementor-button-link elementor-button elementor-size-sm\" role=\"button\">\n\t\t\t\t\t\t<span class=\"elementor-button-content-wrapper\">\n\t\t\t\t\t\t<span class=\"elementor-button-text\">En savoir plus<\/span>\n\t\t<\/span>\n\t\t\t\t\t<\/a>\n\t\t<\/div>\n\t\t\t\t<\/div>\n\t\t\t\t<\/div>\n\t\t\t\t\t<\/div>\n\t\t<\/div>\n\t\t\t\t\t\t\t<\/div>\n\t\t<\/section>\n\t\t\t\t<section class=\"elementor-section elementor-top-section elementor-element elementor-element-2eb3396 elementor-section-content-middle elementor-section-boxed elementor-section-height-default elementor-section-height-default\" data-id=\"2eb3396\" data-element_type=\"section\">\n\t\t\t\t\t\t<div class=\"elementor-container elementor-column-gap-default\">\n\t\t\t\t\t<div class=\"elementor-column elementor-col-50 elementor-top-column elementor-element elementor-element-75b2070\" data-id=\"75b2070\" data-element_type=\"column\">\n\t\t\t<div class=\"elementor-widget-wrap elementor-element-populated\">\n\t\t\t\t\t\t\t\t<div class=\"elementor-element elementor-element-57c80740 elementor-invisible elementor-widget elementor-widget-heading\" data-id=\"57c80740\" data-element_type=\"widget\" data-settings=\"{&quot;_animation&quot;:&quot;fadeInLeft&quot;}\" data-widget_type=\"heading.default\">\n\t\t\t\t<div class=\"elementor-widget-container\">\n\t\t\t<h2 class=\"elementor-heading-title elementor-size-medium\">Galeries<\/h2>\t\t<\/div>\n\t\t\t\t<\/div>\n\t\t\t\t<div class=\"elementor-element elementor-element-55c5d453 elementor-widget-divider--view-line elementor-widget elementor-widget-divider\" data-id=\"55c5d453\" data-element_type=\"widget\" data-widget_type=\"divider.default\">\n\t\t\t\t<div class=\"elementor-widget-container\">\n\t\t\t\t\t<div class=\"elementor-divider\">\n\t\t\t<span class=\"elementor-divider-separator\">\n\t\t\t\t\t\t<\/span>\n\t\t<\/div>\n\t\t\t\t<\/div>\n\t\t\t\t<\/div>\n\t\t\t\t<div class=\"elementor-element elementor-element-67fce36c elementor-widget elementor-widget-text-editor\" data-id=\"67fce36c\" data-element_type=\"widget\" data-widget_type=\"text-editor.default\">\n\t\t\t\t<div class=\"elementor-widget-container\">\n\t\t\t\t\t<div class=\"elementor-text-editor elementor-clearfix\"><p><em>\u00ab Par la sculpture,\u00a0 j&rsquo;essaie de traduire l&rsquo;\u00e9motion procur\u00e9e par une attitude corporelle ou un mouvement.\u00a0<\/em><em>Garder l&rsquo;essentiel, ou plut\u00f4t les essentiels qui, fondus entre eux, finissent par me donner l&rsquo;enveloppe finale <\/em><em>de la sculpture et le d\u00e9but d&rsquo;une nouvelle \u00e9motion. \u00bb\u00a0\u00a0<\/em><\/p><p>JF\u00a0 LAURENT<\/p><\/div>\n\t\t\t\t<\/div>\n\t\t\t\t<\/div>\n\t\t\t\t<div class=\"elementor-element elementor-element-f4c64a3 elementor-align-left elementor-invisible elementor-widget elementor-widget-button\" data-id=\"f4c64a3\" data-element_type=\"widget\" data-settings=\"{&quot;_animation&quot;:&quot;fadeInLeft&quot;}\" data-widget_type=\"button.default\">\n\t\t\t\t<div class=\"elementor-widget-container\">\n\t\t\t\t\t<div class=\"elementor-button-wrapper\">\n\t\t\t<a href=\"https:\/\/jean-francois-laurent-sculpteur.fr\/index.php\/galeries-2\/\" class=\"elementor-button-link elementor-button elementor-size-sm\" role=\"button\">\n\t\t\t\t\t\t<span class=\"elementor-button-content-wrapper\">\n\t\t\t\t\t\t<span class=\"elementor-button-text\">En savoir plus<\/span>\n\t\t<\/span>\n\t\t\t\t\t<\/a>\n\t\t<\/div>\n\t\t\t\t<\/div>\n\t\t\t\t<\/div>\n\t\t\t\t\t<\/div>\n\t\t<\/div>\n\t\t\t\t<div class=\"elementor-column elementor-col-50 elementor-top-column elementor-element elementor-element-58368193 elementor-sm-100 elementor-invisible\" data-id=\"58368193\" data-element_type=\"column\" data-settings=\"{&quot;animation&quot;:&quot;fadeIn&quot;}\">\n\t\t\t<div class=\"elementor-widget-wrap elementor-element-populated\">\n\t\t\t\t\t\t\t\t<div class=\"elementor-element elementor-element-4c5c5e7e gallery-spacing-custom elementor-widget elementor-widget-image-gallery\" data-id=\"4c5c5e7e\" data-element_type=\"widget\" data-widget_type=\"image-gallery.default\">\n\t\t\t\t<div class=\"elementor-widget-container\">\n\t\t\t\t\t<div class=\"elementor-image-gallery\">\n\t\t\t<div id='gallery-1' class='gallery galleryid-5 gallery-columns-3 gallery-size-thumbnail'><figure class='gallery-item'>\n\t\t\t<div class='gallery-icon landscape'>\n\t\t\t\t<a data-elementor-open-lightbox=\"yes\" data-elementor-lightbox-slideshow=\"4c5c5e7e\" data-elementor-lightbox-title=\"Trois statues\" href='https:\/\/jean-francois-laurent-sculpteur.fr\/wp-content\/uploads\/2021\/03\/3-statues-scaled.jpg'><img width=\"150\" height=\"150\" src=\"https:\/\/jean-francois-laurent-sculpteur.fr\/wp-content\/uploads\/2021\/03\/3-statues-150x150.jpg\" class=\"attachment-thumbnail size-thumbnail\" alt=\"\" loading=\"lazy\" \/><\/a>\n\t\t\t<\/div><\/figure><figure class='gallery-item'>\n\t\t\t<div class='gallery-icon portrait'>\n\t\t\t\t<a data-elementor-open-lightbox=\"yes\" data-elementor-lightbox-slideshow=\"4c5c5e7e\" data-elementor-lightbox-title=\"Quatre personnages debouts\" href='https:\/\/jean-francois-laurent-sculpteur.fr\/wp-content\/uploads\/2021\/03\/a-4-personnages-debouts2-scaled.jpg'><img width=\"150\" height=\"150\" src=\"https:\/\/jean-francois-laurent-sculpteur.fr\/wp-content\/uploads\/2021\/03\/a-4-personnages-debouts2-150x150.jpg\" class=\"attachment-thumbnail size-thumbnail\" alt=\"\" loading=\"lazy\" \/><\/a>\n\t\t\t<\/div><\/figure><figure class='gallery-item'>\n\t\t\t<div class='gallery-icon portrait'>\n\t\t\t\t<a data-elementor-open-lightbox=\"yes\" data-elementor-lightbox-slideshow=\"4c5c5e7e\" data-elementor-lightbox-title=\"Boite\" href='https:\/\/jean-francois-laurent-sculpteur.fr\/wp-content\/uploads\/2021\/03\/a-boite4-scaled.jpg'><img width=\"150\" height=\"150\" src=\"https:\/\/jean-francois-laurent-sculpteur.fr\/wp-content\/uploads\/2021\/03\/a-boite4-150x150.jpg\" class=\"attachment-thumbnail size-thumbnail\" alt=\"\" loading=\"lazy\" \/><\/a>\n\t\t\t<\/div><\/figure><figure class='gallery-item'>\n\t\t\t<div class='gallery-icon portrait'>\n\t\t\t\t<a data-elementor-open-lightbox=\"yes\" data-elementor-lightbox-slideshow=\"4c5c5e7e\" data-elementor-lightbox-title=\"Personnage lune\" href='https:\/\/jean-francois-laurent-sculpteur.fr\/wp-content\/uploads\/2021\/03\/a-personnage-lune1-scaled.jpg'><img width=\"150\" height=\"150\" src=\"https:\/\/jean-francois-laurent-sculpteur.fr\/wp-content\/uploads\/2021\/03\/a-personnage-lune1-150x150.jpg\" class=\"attachment-thumbnail size-thumbnail\" alt=\"\" loading=\"lazy\" \/><\/a>\n\t\t\t<\/div><\/figure><figure class='gallery-item'>\n\t\t\t<div class='gallery-icon portrait'>\n\t\t\t\t<a data-elementor-open-lightbox=\"yes\" data-elementor-lightbox-slideshow=\"4c5c5e7e\" data-elementor-lightbox-title=\"Soldat\" href='https:\/\/jean-francois-laurent-sculpteur.fr\/wp-content\/uploads\/2021\/03\/a-soldat-tete-scaled.jpg'><img width=\"150\" height=\"150\" src=\"https:\/\/jean-francois-laurent-sculpteur.fr\/wp-content\/uploads\/2021\/03\/a-soldat-tete-150x150.jpg\" class=\"attachment-thumbnail size-thumbnail\" alt=\"\" loading=\"lazy\" \/><\/a>\n\t\t\t<\/div><\/figure><figure class='gallery-item'>\n\t\t\t<div class='gallery-icon landscape'>\n\t\t\t\t<a data-elementor-open-lightbox=\"yes\" data-elementor-lightbox-slideshow=\"4c5c5e7e\" data-elementor-lightbox-title=\"Cercle\" href='https:\/\/jean-francois-laurent-sculpteur.fr\/wp-content\/uploads\/2021\/03\/IMG_1034-scaled.jpg'><img width=\"150\" height=\"150\" src=\"https:\/\/jean-francois-laurent-sculpteur.fr\/wp-content\/uploads\/2021\/03\/IMG_1034-150x150.jpg\" class=\"attachment-thumbnail size-thumbnail\" alt=\"\" loading=\"lazy\" \/><\/a>\n\t\t\t<\/div><\/figure>\n\t\t<\/div>\n\t\t<\/div>\n\t\t\t\t<\/div>\n\t\t\t\t<\/div>\n\t\t\t\t\t<\/div>\n\t\t<\/div>\n\t\t\t\t\t\t\t<\/div>\n\t\t<\/section>\n\t\t\t\t<section class=\"elementor-section elementor-top-section elementor-element elementor-element-7a26ecd5 elementor-section-height-min-height elementor-section-content-middle elementor-section-boxed elementor-section-height-default elementor-section-items-middle\" data-id=\"7a26ecd5\" data-element_type=\"section\" data-settings=\"{&quot;background_background&quot;:&quot;gradient&quot;}\">\n\t\t\t\t\t\t<div class=\"elementor-container elementor-column-gap-default\">\n\t\t\t\t\t<div class=\"elementor-column elementor-col-100 elementor-top-column elementor-element elementor-element-1dda1d10\" data-id=\"1dda1d10\" data-element_type=\"column\">\n\t\t\t<div class=\"elementor-widget-wrap elementor-element-populated\">\n\t\t\t\t\t\t\t\t<div class=\"elementor-element elementor-element-5dc2d42e elementor-widget elementor-widget-spacer\" data-id=\"5dc2d42e\" data-element_type=\"widget\" data-widget_type=\"spacer.default\">\n\t\t\t\t<div class=\"elementor-widget-container\">\n\t\t\t\t\t<div class=\"elementor-spacer\">\n\t\t\t<div class=\"elementor-spacer-inner\"><\/div>\n\t\t<\/div>\n\t\t\t\t<\/div>\n\t\t\t\t<\/div>\n\t\t\t\t<div class=\"elementor-element elementor-element-e603b08 elementor-position-top elementor-vertical-align-top elementor-widget elementor-widget-image-box\" data-id=\"e603b08\" data-element_type=\"widget\" data-widget_type=\"image-box.default\">\n\t\t\t\t<div class=\"elementor-widget-container\">\n\t\t\t<div class=\"elementor-image-box-wrapper\"><figure class=\"elementor-image-box-img\"><img width=\"2560\" height=\"1920\" src=\"https:\/\/jean-francois-laurent-sculpteur.fr\/wp-content\/uploads\/2021\/03\/DSCN1027-scaled.jpg\" class=\"attachment-full size-full\" alt=\"\" loading=\"lazy\" srcset=\"https:\/\/jean-francois-laurent-sculpteur.fr\/wp-content\/uploads\/2021\/03\/DSCN1027-scaled.jpg 2560w, https:\/\/jean-francois-laurent-sculpteur.fr\/wp-content\/uploads\/2021\/03\/DSCN1027-300x225.jpg 300w, https:\/\/jean-francois-laurent-sculpteur.fr\/wp-content\/uploads\/2021\/03\/DSCN1027-1024x768.jpg 1024w, https:\/\/jean-francois-laurent-sculpteur.fr\/wp-content\/uploads\/2021\/03\/DSCN1027-768x576.jpg 768w, https:\/\/jean-francois-laurent-sculpteur.fr\/wp-content\/uploads\/2021\/03\/DSCN1027-1536x1152.jpg 1536w, https:\/\/jean-francois-laurent-sculpteur.fr\/wp-content\/uploads\/2021\/03\/DSCN1027-2048x1536.jpg 2048w\" sizes=\"(max-width: 2560px) 100vw, 2560px\" \/><\/figure><div class=\"elementor-image-box-content\"><h3 class=\"elementor-image-box-title\">Jean-Fran\u00e7ois LAURENT<\/h3><\/div><\/div>\t\t<\/div>\n\t\t\t\t<\/div>\n\t\t\t\t<div class=\"elementor-element elementor-element-5f390f2 elementor-widget elementor-widget-text-editor\" data-id=\"5f390f2\" data-element_type=\"widget\" data-widget_type=\"text-editor.default\">\n\t\t\t\t<div class=\"elementor-widget-container\">\n\t\t\t\t\t<div class=\"elementor-text-editor elementor-clearfix\"><p>Jean-Fran\u00e7ois LAURENT artiste lorrain, d\u00e9veloppe une sculpture personnelle,\u00a0 fortement\u00a0 empreinte de sa sensibilit\u00e9 humaniste. Sa source d\u2019inspiration est fondamentalement l\u2019homme.<\/p><p>Il coule lui-m\u00eame ses sculptures d\u2019apr\u00e8s la technique de la cire perdue et ma\u00eetrise toutes les \u00e9tapes utiles \u00e0 la r\u00e9alisation de ses \u0153uvres\u00a0: du modelage \u00e0 la fonte, en finalisant par la patine, qu\u2019il consid\u00e8re comme un v\u00eatement qui habille ses sculptures.<\/p><\/div>\n\t\t\t\t<\/div>\n\t\t\t\t<\/div>\n\t\t\t\t<div class=\"elementor-element elementor-element-5916857f elementor-widget elementor-widget-heading\" data-id=\"5916857f\" data-element_type=\"widget\" data-widget_type=\"heading.default\">\n\t\t\t\t<div class=\"elementor-widget-container\">\n\t\t\t<p class=\"elementor-heading-title elementor-size-small\">\u00ab Ce que j'ai donn\u00e9 \u00e0 la cire, l'\u00e9tuve me l'a pris mais le bronze me le rend  \u00bb<\/p>\t\t<\/div>\n\t\t\t\t<\/div>\n\t\t\t\t\t<\/div>\n\t\t<\/div>\n\t\t\t\t\t\t\t<\/div>\n\t\t<\/section>\n\t\t\t\t<section class=\"elementor-section elementor-top-section elementor-element elementor-element-690fbfc6 elementor-section-content-middle elementor-section-boxed elementor-section-height-default elementor-section-height-default\" data-id=\"690fbfc6\" data-element_type=\"section\">\n\t\t\t\t\t\t<div class=\"elementor-container elementor-column-gap-default\">\n\t\t\t\t\t<div class=\"elementor-column elementor-col-50 elementor-top-column elementor-element elementor-element-6dcc6daf\" data-id=\"6dcc6daf\" data-element_type=\"column\">\n\t\t\t<div class=\"elementor-widget-wrap elementor-element-populated\">\n\t\t\t\t\t\t\t\t<div class=\"elementor-element elementor-element-3b3949a2 elementor-widget elementor-widget-heading\" data-id=\"3b3949a2\" data-element_type=\"widget\" data-widget_type=\"heading.default\">\n\t\t\t\t<div class=\"elementor-widget-container\">\n\t\t\t<h2 class=\"elementor-heading-title elementor-size-large\">Contact<\/h2>\t\t<\/div>\n\t\t\t\t<\/div>\n\t\t\t\t<div class=\"elementor-element elementor-element-749dd709 elementor-widget-divider--view-line elementor-widget elementor-widget-divider\" data-id=\"749dd709\" data-element_type=\"widget\" data-widget_type=\"divider.default\">\n\t\t\t\t<div class=\"elementor-widget-container\">\n\t\t\t\t\t<div class=\"elementor-divider\">\n\t\t\t<span class=\"elementor-divider-separator\">\n\t\t\t\t\t\t<\/span>\n\t\t<\/div>\n\t\t\t\t<\/div>\n\t\t\t\t<\/div>\n\t\t\t\t<div class=\"elementor-element elementor-element-814b56 elementor-icon-list--layout-traditional elementor-list-item-link-full_width elementor-widget elementor-widget-icon-list\" data-id=\"814b56\" data-element_type=\"widget\" data-widget_type=\"icon-list.default\">\n\t\t\t\t<div class=\"elementor-widget-container\">\n\t\t\t\t\t<ul class=\"elementor-icon-list-items\">\n\t\t\t\t\t\t\t<li class=\"elementor-icon-list-item\">\n\t\t\t\t\t\t\t\t\t\t\t<span class=\"elementor-icon-list-icon\">\n\t\t\t\t\t\t\t<i aria-hidden=\"true\" class=\"fas fa-map-marker-alt\"><\/i>\t\t\t\t\t\t<\/span>\n\t\t\t\t\t\t\t\t\t\t<span class=\"elementor-icon-list-text\">38 rue du centre \u2013 57630 LEZEY<\/span>\n\t\t\t\t\t\t\t\t\t<\/li>\n\t\t\t\t\t\t\t\t<li class=\"elementor-icon-list-item\">\n\t\t\t\t\t\t\t\t\t\t\t<span class=\"elementor-icon-list-icon\">\n\t\t\t\t\t\t\t<i aria-hidden=\"true\" class=\"fas fa-envelope-square\"><\/i>\t\t\t\t\t\t<\/span>\n\t\t\t\t\t\t\t\t\t\t<span class=\"elementor-icon-list-text\">jean-nicole.laurent@orange.fr<\/span>\n\t\t\t\t\t\t\t\t\t<\/li>\n\t\t\t\t\t\t\t\t<li class=\"elementor-icon-list-item\">\n\t\t\t\t\t\t\t\t\t\t\t<span class=\"elementor-icon-list-icon\">\n\t\t\t\t\t\t\t<i aria-hidden=\"true\" class=\"fas fa-phone-square\"><\/i>\t\t\t\t\t\t<\/span>\n\t\t\t\t\t\t\t\t\t\t<span class=\"elementor-icon-list-text\">06 88 53 00 01<\/span>\n\t\t\t\t\t\t\t\t\t<\/li>\n\t\t\t\t\t\t\t\t<li class=\"elementor-icon-list-item\">\n\t\t\t\t\t\t\t\t\t\t\t<span class=\"elementor-icon-list-icon\">\n\t\t\t\t\t\t\t<i aria-hidden=\"true\" class=\"fas fa-fax\"><\/i>\t\t\t\t\t\t<\/span>\n\t\t\t\t\t\t\t\t\t\t<span class=\"elementor-icon-list-text\">03 87 86 72 29<\/span>\n\t\t\t\t\t\t\t\t\t<\/li>\n\t\t\t\t\t\t<\/ul>\n\t\t\t\t<\/div>\n\t\t\t\t<\/div>\n\t\t\t\t\t<\/div>\n\t\t<\/div>\n\t\t\t\t<div class=\"elementor-column elementor-col-50 elementor-top-column elementor-element elementor-element-40b988df\" data-id=\"40b988df\" data-element_type=\"column\">\n\t\t\t<div class=\"elementor-widget-wrap elementor-element-populated\">\n\t\t\t\t\t\t\t\t<div class=\"elementor-element elementor-element-276d337b elementor-widget elementor-widget-google_maps\" data-id=\"276d337b\" data-element_type=\"widget\" data-widget_type=\"google_maps.default\">\n\t\t\t\t<div class=\"elementor-widget-container\">\n\t\t\t<div class=\"elementor-custom-embed\"><iframe frameborder=\"0\" scrolling=\"no\" marginheight=\"0\" marginwidth=\"0\" src=\"https:\/\/maps.google.com\/maps?q=38%20rue%20du%20centre%20%E2%80%93%2057630%20LEZEY&amp;t=m&amp;z=10&amp;output=embed&amp;iwloc=near\" title=\"38 rue du centre \u2013 57630 LEZEY\" aria-label=\"38 rue du centre \u2013 57630 LEZEY\"><\/iframe><\/div>\t\t<\/div>\n\t\t\t\t<\/div>\n\t\t\t\t\t<\/div>\n\t\t<\/div>\n\t\t\t\t\t\t\t<\/div>\n\t\t<\/section>\n\t\t\t\t\t\t<\/div>\n\t\t\t\t\t<\/div>\n\t\t","protected":false},"excerpt":{"rendered":"<p>Jean-Fran\u00e7ois Laurent Sculpteur En savoir plus Galeries \u00ab Par la sculpture,\u00a0 j&rsquo;essaie de traduire l&rsquo;\u00e9motion procur\u00e9e par une attitude corporelle ou un mouvement.\u00a0Garder l&rsquo;essentiel, ou plut\u00f4t les essentiels qui, fondus entre eux, finissent par me donner l&rsquo;enveloppe finale de la sculpture et le d\u00e9but d&rsquo;une nouvelle \u00e9motion. \u00bb\u00a0\u00a0 JF\u00a0 LAURENT En savoir plus Jean-Fran\u00e7ois LAURENT [&hellip;]<\/p>\n","protected":false},"author":1,"featured_media":0,"parent":0,"menu_order":0,"comment_status":"closed","ping_status":"closed","template":"","meta":{"_monsterinsights_skip_tracking":false,"_monsterinsights_sitenote_active":false,"_monsterinsights_sitenote_note":"","_monsterinsights_sitenote_category":0},"_links":{"self":[{"href":"https:\/\/jean-francois-laurent-sculpteur.fr\/index.php\/wp-json\/wp\/v2\/pages\/5"}],"collection":[{"href":"https:\/\/jean-francois-laurent-sculpteur.fr\/index.php\/wp-json\/wp\/v2\/pages"}],"about":[{"href":"https:\/\/jean-francois-laurent-sculpteur.fr\/index.php\/wp-json\/wp\/v2\/types\/page"}],"author":[{"embeddable":true,"href":"https:\/\/jean-francois-laurent-sculpteur.fr\/index.php\/wp-json\/wp\/v2\/users\/1"}],"replies":[{"embeddable":true,"href":"https:\/\/jean-francois-laurent-sculpteur.fr\/index.php\/wp-json\/wp\/v2\/comments?post=5"}],"version-history":[{"count":93,"href":"https:\/\/jean-francois-laurent-sculpteur.fr\/index.php\/wp-json\/wp\/v2\/pages\/5\/revisions"}],"predecessor-version":[{"id":319,"href":"https:\/\/jean-francois-laurent-sculpteur.fr\/index.php\/wp-json\/wp\/v2\/pages\/5\/revisions\/319"}],"wp:attachment":[{"href":"https:\/\/jean-francois-laurent-sculpteur.fr\/index.php\/wp-json\/wp\/v2\/media?parent=5"}],"curies":[{"name":"wp","href":"https:\/\/api.w.org\/{rel}","templated":true}]}}