{"id":19,"date":"2021-02-15T15:52:15","date_gmt":"2021-02-15T14:52:15","guid":{"rendered":"http:\/\/jean-francois-laurent-sculpteur.fr\/?page_id=19"},"modified":"2021-03-15T11:52:58","modified_gmt":"2021-03-15T10:52:58","slug":"biographie","status":"publish","type":"page","link":"https:\/\/jean-francois-laurent-sculpteur.fr\/index.php\/biographie\/","title":{"rendered":"Biographie"},"content":{"rendered":"\t\t<div data-elementor-type=\"wp-page\" data-elementor-id=\"19\" class=\"elementor elementor-19\" data-elementor-settings=\"[]\">\n\t\t\t\t\t\t\t<div class=\"elementor-section-wrap\">\n\t\t\t\t\t\t\t<section class=\"elementor-section elementor-top-section elementor-element elementor-element-deaf05f elementor-section-boxed elementor-section-height-default elementor-section-height-default\" data-id=\"deaf05f\" data-element_type=\"section\">\n\t\t\t\t\t\t<div class=\"elementor-container elementor-column-gap-default\">\n\t\t\t\t\t<div class=\"elementor-column elementor-col-100 elementor-top-column elementor-element elementor-element-0b1b96a\" data-id=\"0b1b96a\" data-element_type=\"column\">\n\t\t\t<div class=\"elementor-widget-wrap elementor-element-populated\">\n\t\t\t\t\t\t\t\t<div class=\"elementor-element elementor-element-75b5d94 elementor-widget elementor-widget-spacer\" data-id=\"75b5d94\" data-element_type=\"widget\" data-widget_type=\"spacer.default\">\n\t\t\t\t<div class=\"elementor-widget-container\">\n\t\t\t\t\t<div class=\"elementor-spacer\">\n\t\t\t<div class=\"elementor-spacer-inner\"><\/div>\n\t\t<\/div>\n\t\t\t\t<\/div>\n\t\t\t\t<\/div>\n\t\t\t\t<div class=\"elementor-element elementor-element-ea6b77b elementor-invisible elementor-widget elementor-widget-heading\" data-id=\"ea6b77b\" data-element_type=\"widget\" data-settings=\"{&quot;_animation&quot;:&quot;fadeInLeft&quot;}\" data-widget_type=\"heading.default\">\n\t\t\t\t<div class=\"elementor-widget-container\">\n\t\t\t<h1 class=\"elementor-heading-title elementor-size-xl\">Biographie <\/h1>\t\t<\/div>\n\t\t\t\t<\/div>\n\t\t\t\t<div class=\"elementor-element elementor-element-492e6c5 elementor-widget elementor-widget-spacer\" data-id=\"492e6c5\" data-element_type=\"widget\" data-widget_type=\"spacer.default\">\n\t\t\t\t<div class=\"elementor-widget-container\">\n\t\t\t\t\t<div class=\"elementor-spacer\">\n\t\t\t<div class=\"elementor-spacer-inner\"><\/div>\n\t\t<\/div>\n\t\t\t\t<\/div>\n\t\t\t\t<\/div>\n\t\t\t\t\t<\/div>\n\t\t<\/div>\n\t\t\t\t\t\t\t<\/div>\n\t\t<\/section>\n\t\t\t\t<section class=\"elementor-section elementor-top-section elementor-element elementor-element-7138737 elementor-section-boxed elementor-section-height-default elementor-section-height-default\" data-id=\"7138737\" data-element_type=\"section\">\n\t\t\t\t\t\t<div class=\"elementor-container elementor-column-gap-default\">\n\t\t\t\t\t<div class=\"elementor-column elementor-col-100 elementor-top-column elementor-element elementor-element-f79156f\" data-id=\"f79156f\" data-element_type=\"column\">\n\t\t\t<div class=\"elementor-widget-wrap elementor-element-populated\">\n\t\t\t\t\t\t\t\t<div class=\"elementor-element elementor-element-227cc86 elementor-widget elementor-widget-heading\" data-id=\"227cc86\" data-element_type=\"widget\" data-widget_type=\"heading.default\">\n\t\t\t\t<div class=\"elementor-widget-container\">\n\t\t\t<h2 class=\"elementor-heading-title elementor-size-default\"> EXPOSITIONS COLLECTIVES<\/h2>\t\t<\/div>\n\t\t\t\t<\/div>\n\t\t\t\t<div class=\"elementor-element elementor-element-81972e3 elementor-widget elementor-widget-text-editor\" data-id=\"81972e3\" data-element_type=\"widget\" data-widget_type=\"text-editor.default\">\n\t\t\t\t<div class=\"elementor-widget-container\">\n\t\t\t\t\t<div class=\"elementor-text-editor elementor-clearfix\"><p>Salon d&rsquo;Automne International &#8211; Lun\u00e9ville * Galerie\u00a0 Op Der Kap , Cappelen &#8211; Luxembourg * Espace d&rsquo;Art vitrine \u00e9ph\u00e9m\u00e8re,\u00a0 Centre St Jacques &#8211; Metz * MJC\u00a0 Pichon &#8211;\u00a0 Nancy *Association \u00ab La parenth\u00e8se \u00bb &#8211; Paris * Atelier du Canal &#8211; Nancy * Faubourg en t\u00eate de l&rsquo;Art &#8211; Nancy * M\u00e9diath\u00e8que de Creutzwald * Biennale d&rsquo;Art Pr\u00e9sent, hommage \u00e0 Edouard Pignon \u2013 Arras * SEMA &#8211; salle Pleyel &#8211; Paris * Cath\u00e9drale de\u00a0 Toul * Duingalerie- Domburg- Pays-Bas * Casino de Thionville.<\/p><\/div>\n\t\t\t\t<\/div>\n\t\t\t\t<\/div>\n\t\t\t\t<div class=\"elementor-element elementor-element-d3de861 elementor-widget-divider--view-line elementor-widget elementor-widget-divider\" data-id=\"d3de861\" data-element_type=\"widget\" data-widget_type=\"divider.default\">\n\t\t\t\t<div class=\"elementor-widget-container\">\n\t\t\t\t\t<div class=\"elementor-divider\">\n\t\t\t<span class=\"elementor-divider-separator\">\n\t\t\t\t\t\t<\/span>\n\t\t<\/div>\n\t\t\t\t<\/div>\n\t\t\t\t<\/div>\n\t\t\t\t\t<\/div>\n\t\t<\/div>\n\t\t\t\t\t\t\t<\/div>\n\t\t<\/section>\n\t\t\t\t<section class=\"elementor-section elementor-top-section elementor-element elementor-element-2e1b0e1 elementor-section-height-min-height elementor-section-boxed elementor-section-height-default elementor-section-items-middle\" data-id=\"2e1b0e1\" data-element_type=\"section\" data-settings=\"{&quot;background_background&quot;:&quot;gradient&quot;}\">\n\t\t\t\t\t\t<div class=\"elementor-container elementor-column-gap-default\">\n\t\t\t\t\t<div class=\"elementor-column elementor-col-100 elementor-top-column elementor-element elementor-element-8bde5df\" data-id=\"8bde5df\" data-element_type=\"column\">\n\t\t\t<div class=\"elementor-widget-wrap elementor-element-populated\">\n\t\t\t\t\t\t\t\t<div class=\"elementor-element elementor-element-5912f1f elementor-aspect-ratio-169 elementor-widget elementor-widget-video\" data-id=\"5912f1f\" data-element_type=\"widget\" data-settings=\"{&quot;video_type&quot;:&quot;dailymotion&quot;,&quot;autoplay&quot;:&quot;yes&quot;,&quot;mute&quot;:&quot;yes&quot;,&quot;controls&quot;:&quot;yes&quot;,&quot;aspect_ratio&quot;:&quot;169&quot;}\" data-widget_type=\"video.default\">\n\t\t\t\t<div class=\"elementor-widget-container\">\n\t\t\t\t\t<div class=\"elementor-wrapper elementor-fit-aspect-ratio elementor-open-inline\">\n\t\t\t<iframe class=\"elementor-video-iframe\" allowfullscreen title=\"Lecteur vid\u00e9o dailymotion\" src=\"https:\/\/dailymotion.com\/embed\/video\/x13ykb9?autoplay=1&amp;ui-highlight&amp;start&amp;endscreen-enable=0&amp;controls=1&amp;mute=1&amp;ui-start-screen-info=1&amp;ui-logo=1\"><\/iframe>\t\t<\/div>\n\t\t\t\t<\/div>\n\t\t\t\t<\/div>\n\t\t\t\t<div class=\"elementor-element elementor-element-25b74c1 elementor-align-center elementor-widget elementor-widget-button\" data-id=\"25b74c1\" data-element_type=\"widget\" data-widget_type=\"button.default\">\n\t\t\t\t<div class=\"elementor-widget-container\">\n\t\t\t\t\t<div class=\"elementor-button-wrapper\">\n\t\t\t<a href=\"https:\/\/jean-francois-laurent-sculpteur.fr\/index.php\/galeries-2\/\" class=\"elementor-button-link elementor-button elementor-size-sm\" role=\"button\">\n\t\t\t\t\t\t<span class=\"elementor-button-content-wrapper\">\n\t\t\t\t\t\t<span class=\"elementor-button-text\">Voir les galeries <\/span>\n\t\t<\/span>\n\t\t\t\t\t<\/a>\n\t\t<\/div>\n\t\t\t\t<\/div>\n\t\t\t\t<\/div>\n\t\t\t\t\t<\/div>\n\t\t<\/div>\n\t\t\t\t\t\t\t<\/div>\n\t\t<\/section>\n\t\t\t\t<section class=\"elementor-section elementor-top-section elementor-element elementor-element-ea3858d elementor-section-boxed elementor-section-height-default elementor-section-height-default\" data-id=\"ea3858d\" data-element_type=\"section\">\n\t\t\t\t\t\t<div class=\"elementor-container elementor-column-gap-default\">\n\t\t\t\t\t<div class=\"elementor-column elementor-col-100 elementor-top-column elementor-element elementor-element-480d831\" data-id=\"480d831\" data-element_type=\"column\">\n\t\t\t<div class=\"elementor-widget-wrap elementor-element-populated\">\n\t\t\t\t\t\t\t\t<div class=\"elementor-element elementor-element-66d65e4 elementor-widget elementor-widget-spacer\" data-id=\"66d65e4\" data-element_type=\"widget\" data-widget_type=\"spacer.default\">\n\t\t\t\t<div class=\"elementor-widget-container\">\n\t\t\t\t\t<div class=\"elementor-spacer\">\n\t\t\t<div class=\"elementor-spacer-inner\"><\/div>\n\t\t<\/div>\n\t\t\t\t<\/div>\n\t\t\t\t<\/div>\n\t\t\t\t<div class=\"elementor-element elementor-element-16c2d89 elementor-widget elementor-widget-heading\" data-id=\"16c2d89\" data-element_type=\"widget\" data-widget_type=\"heading.default\">\n\t\t\t\t<div class=\"elementor-widget-container\">\n\t\t\t<h2 class=\"elementor-heading-title elementor-size-default\">EXPOSITIONS PERSONNELLES<\/h2>\t\t<\/div>\n\t\t\t\t<\/div>\n\t\t\t\t<div class=\"elementor-element elementor-element-ab5a555 elementor-widget elementor-widget-text-editor\" data-id=\"ab5a555\" data-element_type=\"widget\" data-widget_type=\"text-editor.default\">\n\t\t\t\t<div class=\"elementor-widget-container\">\n\t\t\t\t\t<div class=\"elementor-text-editor elementor-clearfix\"><p>H\u00f4tel de ville &#8211; Baccarat * Ch\u00e2teau du Charmois &#8211; Vandoeuvre\u00a0 * Ch\u00e2teau\u00a0 Madame de Graffigny,\u00a0 Villers &#8211; Les &#8211; Nancy * Carrefour des Arts &#8211; Metz * Galerie Holthes &#8211; Pays-Bas* Galerie\u00a0 Art et Passion &#8211; Esch-sur-Alzette &#8211; Luxembourg * Conseil R\u00e9gional de Lorraine &#8211; Nancy * Eglise des Carmes &#8211; Vic-Sur\u00a0 Seille * Conseil G\u00e9n\u00e9ral de Meurthe et Moselle &#8211; Nancy * Galerie du Th\u00e9\u00e2tre &#8211; Sarreguemines *Galerie Art\u00a0 Suite- Nancy\u00a0 * Galerie Shortgen Luxembourg\u00a0 *\u00a0 Galerie Humbert &#8211; Nantes.<\/p><\/div>\n\t\t\t\t<\/div>\n\t\t\t\t<\/div>\n\t\t\t\t<div class=\"elementor-element elementor-element-67dc532 elementor-widget-divider--view-line elementor-widget elementor-widget-divider\" data-id=\"67dc532\" data-element_type=\"widget\" data-widget_type=\"divider.default\">\n\t\t\t\t<div class=\"elementor-widget-container\">\n\t\t\t\t\t<div class=\"elementor-divider\">\n\t\t\t<span class=\"elementor-divider-separator\">\n\t\t\t\t\t\t<\/span>\n\t\t<\/div>\n\t\t\t\t<\/div>\n\t\t\t\t<\/div>\n\t\t\t\t\t<\/div>\n\t\t<\/div>\n\t\t\t\t\t\t\t<\/div>\n\t\t<\/section>\n\t\t\t\t<section class=\"elementor-section elementor-top-section elementor-element elementor-element-4b0d04f elementor-section-height-min-height elementor-section-boxed elementor-section-height-default elementor-section-items-middle\" data-id=\"4b0d04f\" data-element_type=\"section\" data-settings=\"{&quot;background_background&quot;:&quot;gradient&quot;}\">\n\t\t\t\t\t\t<div class=\"elementor-container elementor-column-gap-default\">\n\t\t\t\t\t<div class=\"elementor-column elementor-col-100 elementor-top-column elementor-element elementor-element-ec78206\" data-id=\"ec78206\" data-element_type=\"column\">\n\t\t\t<div class=\"elementor-widget-wrap elementor-element-populated\">\n\t\t\t\t\t\t\t\t<div class=\"elementor-element elementor-element-f1aeca7 elementor-widget elementor-widget-html\" data-id=\"f1aeca7\" data-element_type=\"widget\" data-widget_type=\"html.default\">\n\t\t\t\t<div class=\"elementor-widget-container\">\n\t\t\t<iframe loading=\"lazy\" width=\"560\" height=\"315\" src=\"\/\/embedftv-a.akamaihd.net\/9f5798eb8cb5928ed9ef970fbc77628e\" frameborder=\"0\" scrolling=\"no\" allowfullscreen><\/iframe>\t\t<\/div>\n\t\t\t\t<\/div>\n\t\t\t\t<div class=\"elementor-element elementor-element-3f6718f elementor-align-center elementor-widget elementor-widget-button\" data-id=\"3f6718f\" data-element_type=\"widget\" data-widget_type=\"button.default\">\n\t\t\t\t<div class=\"elementor-widget-container\">\n\t\t\t\t\t<div class=\"elementor-button-wrapper\">\n\t\t\t<a href=\"https:\/\/jean-francois-laurent-sculpteur.fr\/index.php\/contact\/\" class=\"elementor-button-link elementor-button elementor-size-sm\" role=\"button\">\n\t\t\t\t\t\t<span class=\"elementor-button-content-wrapper\">\n\t\t\t\t\t\t<span class=\"elementor-button-text\">Contact <\/span>\n\t\t<\/span>\n\t\t\t\t\t<\/a>\n\t\t<\/div>\n\t\t\t\t<\/div>\n\t\t\t\t<\/div>\n\t\t\t\t\t<\/div>\n\t\t<\/div>\n\t\t\t\t\t\t\t<\/div>\n\t\t<\/section>\n\t\t\t\t<section class=\"elementor-section elementor-top-section elementor-element elementor-element-0e791fc elementor-section-boxed elementor-section-height-default elementor-section-height-default\" data-id=\"0e791fc\" data-element_type=\"section\">\n\t\t\t\t\t\t<div class=\"elementor-container elementor-column-gap-default\">\n\t\t\t\t\t<div class=\"elementor-column elementor-col-100 elementor-top-column elementor-element elementor-element-af7352d\" data-id=\"af7352d\" data-element_type=\"column\">\n\t\t\t<div class=\"elementor-widget-wrap elementor-element-populated\">\n\t\t\t\t\t\t\t\t<div class=\"elementor-element elementor-element-4f08089 elementor-widget elementor-widget-spacer\" data-id=\"4f08089\" data-element_type=\"widget\" data-widget_type=\"spacer.default\">\n\t\t\t\t<div class=\"elementor-widget-container\">\n\t\t\t\t\t<div class=\"elementor-spacer\">\n\t\t\t<div class=\"elementor-spacer-inner\"><\/div>\n\t\t<\/div>\n\t\t\t\t<\/div>\n\t\t\t\t<\/div>\n\t\t\t\t<div class=\"elementor-element elementor-element-e64848f elementor-widget elementor-widget-heading\" data-id=\"e64848f\" data-element_type=\"widget\" data-widget_type=\"heading.default\">\n\t\t\t\t<div class=\"elementor-widget-container\">\n\t\t\t<h2 class=\"elementor-heading-title elementor-size-default\">REALISATIONS  PUBLIQUES<\/h2>\t\t<\/div>\n\t\t\t\t<\/div>\n\t\t\t\t<div class=\"elementor-element elementor-element-991f829 elementor-widget elementor-widget-text-editor\" data-id=\"991f829\" data-element_type=\"widget\" data-widget_type=\"text-editor.default\">\n\t\t\t\t<div class=\"elementor-widget-container\">\n\t\t\t\t\t<div class=\"elementor-text-editor elementor-clearfix\"><p>Sculpture bas relief bronze , hommage \u00e0 Eug\u00e8ne Rolland, fondateur des manufactures de tabacs et allumettes\u00a0 &#8211; Metz Sculpture\u00a0 \u00ab\u00a0Sainte Marie- Madeleine\u00a0\u00bb bronze, Salines Royales,\u00a0 Pavillon\u00a0 \u201cLa D\u00e9livrance\u201d- Dieuze * Sculpture r\u00e9sidence,\u00a0 Choisy-Le-Roy * Sculpture monumentale\u00a0 v\u00e9lodrome &#8211;\u00a0 Vandoeuvre * &#8211; Bas relief bronze\u00a0 aluminium,\u00a013\u00e8me\u00a0 RDP &#8211; Dieuze * Sculpture\u00a0 bronze, monument aux morts,\u00a0 bataille de Lidrezing- zarbeling *\u00a0Sculpture\u00a0 bronze, Lyc\u00e9e Professionnel\u00a0 R\u00e9gional Valentin Metzinger \u2013 Saint-Avold * Sculpture monumentale bronze,\u00a0lyc\u00e9e Andr\u00e9 Malraux &#8211; Remiremont * Sculpture monumentale pour le\u00a0 Bicentenaire de la\u00a0 R\u00e9volution Fran\u00e7aise &#8211;\u00a0Dieuze.<\/p><\/div>\n\t\t\t\t<\/div>\n\t\t\t\t<\/div>\n\t\t\t\t<div class=\"elementor-element elementor-element-167e055 elementor-widget-divider--view-line elementor-widget elementor-widget-divider\" data-id=\"167e055\" data-element_type=\"widget\" data-widget_type=\"divider.default\">\n\t\t\t\t<div class=\"elementor-widget-container\">\n\t\t\t\t\t<div class=\"elementor-divider\">\n\t\t\t<span class=\"elementor-divider-separator\">\n\t\t\t\t\t\t<\/span>\n\t\t<\/div>\n\t\t\t\t<\/div>\n\t\t\t\t<\/div>\n\t\t\t\t\t<\/div>\n\t\t<\/div>\n\t\t\t\t\t\t\t<\/div>\n\t\t<\/section>\n\t\t\t\t\t\t<\/div>\n\t\t\t\t\t<\/div>\n\t\t","protected":false},"excerpt":{"rendered":"<p>Biographie EXPOSITIONS COLLECTIVES Salon d&rsquo;Automne International &#8211; Lun\u00e9ville * Galerie\u00a0 Op Der Kap , Cappelen &#8211; Luxembourg * Espace d&rsquo;Art vitrine \u00e9ph\u00e9m\u00e8re,\u00a0 Centre St Jacques &#8211; Metz * MJC\u00a0 Pichon &#8211;\u00a0 Nancy *Association \u00ab La parenth\u00e8se \u00bb &#8211; Paris * Atelier du Canal &#8211; Nancy * Faubourg en t\u00eate de l&rsquo;Art &#8211; Nancy * M\u00e9diath\u00e8que [&hellip;]<\/p>\n","protected":false},"author":1,"featured_media":0,"parent":0,"menu_order":0,"comment_status":"closed","ping_status":"closed","template":"","meta":{"_monsterinsights_skip_tracking":false,"_monsterinsights_sitenote_active":false,"_monsterinsights_sitenote_note":"","_monsterinsights_sitenote_category":0},"_links":{"self":[{"href":"https:\/\/jean-francois-laurent-sculpteur.fr\/index.php\/wp-json\/wp\/v2\/pages\/19"}],"collection":[{"href":"https:\/\/jean-francois-laurent-sculpteur.fr\/index.php\/wp-json\/wp\/v2\/pages"}],"about":[{"href":"https:\/\/jean-francois-laurent-sculpteur.fr\/index.php\/wp-json\/wp\/v2\/types\/page"}],"author":[{"embeddable":true,"href":"https:\/\/jean-francois-laurent-sculpteur.fr\/index.php\/wp-json\/wp\/v2\/users\/1"}],"replies":[{"embeddable":true,"href":"https:\/\/jean-francois-laurent-sculpteur.fr\/index.php\/wp-json\/wp\/v2\/comments?post=19"}],"version-history":[{"count":43,"href":"https:\/\/jean-francois-laurent-sculpteur.fr\/index.php\/wp-json\/wp\/v2\/pages\/19\/revisions"}],"predecessor-version":[{"id":322,"href":"https:\/\/jean-francois-laurent-sculpteur.fr\/index.php\/wp-json\/wp\/v2\/pages\/19\/revisions\/322"}],"wp:attachment":[{"href":"https:\/\/jean-francois-laurent-sculpteur.fr\/index.php\/wp-json\/wp\/v2\/media?parent=19"}],"curies":[{"name":"wp","href":"https:\/\/api.w.org\/{rel}","templated":true}]}}